{"id":20,"date":"2012-11-19T19:47:14","date_gmt":"2012-11-19T19:47:14","guid":{"rendered":"http:\/\/s441854621.onlinehome.us\/?page_id=20"},"modified":"2017-08-25T20:59:40","modified_gmt":"2017-08-25T20:59:40","slug":"publications","status":"publish","type":"page","link":"https:\/\/paulrduffy.com\/?page_id=20","title":{"rendered":"Publications"},"content":{"rendered":"<p>Under review<br \/>\n<strong>Duffy, Paul R.\u00a0<\/strong>Social Change in the Lower K\u00f6r\u00f6s Basin during the Middle Bronze Age. <em>Landscapes of Complexity in Bronze Age Central Europe.<\/em> Edited by Timothy Earle, Vikt\u00f3ria Kiss, Gabriella Kulcs\u00e1r, and Vajk Szever\u00e9nyi. Oxbow Books.<\/p>\n<p><strong>Duffy, Paul R.<\/strong>, L\u00e1szl\u00f3 Paja, Gy\u00f6rgyi Parditka and Julia I. Giblin Modeling mortuary populations using systematic field survey. <em>Journal of Anthropological Archaeology<\/em>. YJAAR_2017_83.<\/p>\n<p>Gyucha, Attila and <strong>Paul R. Duffy<\/strong>, Chapter 3: Paleohydrological Reconstruction of the K\u00f6r\u00f6s Region. In <em>Bikeri: Two Copper Age villages on the Great Hungarian Plain<\/em>, edited by W. A. Parkinson, A. Gyucha and R. W. Yerkes. Cotsen Institute Press, Los Angeles.<\/p>\n<p>In Press<br \/>\nParkinson, William A., Attila Gyucha, Panagiotis Karkanas, Nikos Papadopoulos, Georgia Tsartsidou, Apostolos Sarris, <strong>Paul R.\u00a0Duffy<\/strong>\u00a0and R. W. Yerkes.\u00a0A landscape of tells: geophysics and microstratigraphy. <em>Journal of Archaeological Science: Reports<\/em>. JASREP_2017_113.<\/p>\n<p>2017<br \/>\nPaja, L\u00e1szlo., <strong>Duffy, Paul. R<\/strong>., Parditka, Gy\u00f6rgyi., &amp; Giblin, Julia. I., Bioanthropological analysis of B\u00e9k\u00e9s 103 (J\u00e9gvermi-kert, Lipcsei-tanya), a Bronze Age cemetery from southeastern Hungary. <em>Acta Biologica Szegediensis<\/em>. 60(2): 183-192<\/p>\n<p>2016<br \/>\n<strong>Duffy, Paul R.<\/strong>\u00a0Leadership, Crisis, and Political Change in the Nepe\u00f1a Valley, Peru. <em>Dissertation Reviews<\/em>. Feb. 29.<\/p>\n<p>2015<br \/>\n<strong>Duffy, Paul R.<\/strong> Site Size Hierarchies in Middle-Range Societies. <em>Journal of Anthropological Archaeology. <\/em>37:85-99.<\/p>\n<p>Allentoft, Morten E., Martin Sikora, Karl-Goran Sjogren, Simon Rasmussen, Morten Rasmussen, Jesper Stenderup, Peter B. Damgaard, Hannes Schroeder, Torbjorn Ahlstrom, Lasse Vinner, Anna-Sapfo Malaspinas, Ashot Margaryan, Tom Higham, David Chivall, Niels Lynnerup, Lise Harvig, Justyna Baron, Philippe Della Casa, Pawel Dabrowski, <strong>Paul R. Duffy<\/strong>, Alexander V. Ebel, Andrey Epimakhov, Karin Frei, Miroslaw Furmanek, Tomasz Gralak, Andrey Gromov, Stanislaw Gronkiewicz, Gisela Grupe, Tamas Hajdu, Radoslaw Jarysz, Valeri Khartanovich, Alexandr Khokhlov, Viktoria Kiss, Jan Kolar, Aivar Kriiska, Irena Lasak, Cristina Longhi, George McGlynn, Algimantas Merkevicius, Inga Merkyte, Mait Metspalu, Ruzan Mkrtchyan, Vyacheslav Moiseyev, Laszlo Paja, Gyorgy Palfi, Dalia Pokutta, Lukasz Pospieszny, T. Douglas Price, Lehti Saag, Mikhail Sablin, Natalia Shishlina, Vaclav Smrcka, Vasilii I. Soenov, Vajk Szeverenyi, Gusztav Toth, Synaru V. Trifanova, Liivi Varul, Magdolna Vicze, Levon Yepiskoposyan, Vladislav Zhitenev, Ludovic Orlando, Thomas Sicheritz-Ponten, Soren Brunak, Rasmus Nielsen, Kristian Kristiansen and Eske WillerslevAllentoft, Morten E., Martin Sikora, Karl-Goran Sjogren, Simon Rasmussen, Morten Rasmussen, Jesper Stenderup, Peter B. Damgaard, Hannes Schroeder, Torbjorn Ahlstrom, Lasse Vinner, Anna-Sapfo Malaspinas, Ashot Margaryan, Tom Higham, David Chivall, Niels Lynnerup, Lise Harvig, Justyna Baron, Philippe Della Casa, Pawel Dabrowski, Paul R. Duffy, Alexander V. Ebel, Andrey Epimakhov, Karin Frei, Miroslaw Furmanek, Tomasz Gralak, Andrey Gromov, Stanislaw Gronkiewicz, Gisela Grupe, Tamas Hajdu, Radoslaw Jarysz, Valeri Khartanovich, Alexandr Khokhlov, Viktoria Kiss, Jan Kolar, Aivar Kriiska, Irena Lasak, Cristina Longhi, George McGlynn, Algimantas Merkevicius, Inga Merkyte, Mait Metspalu, Ruzan Mkrtchyan, Vyacheslav Moiseyev, Laszlo Paja, Gyorgy Palfi, Dalia Pokutta, Lukasz Pospieszny, T. Douglas Price, Lehti Saag, Mikhail Sablin, Natalia Shishlina, Vaclav Smrcka, Vasilii I. Soenov, Vajk Szeverenyi, Gusztav Toth, Synaru V. Trifanova, Liivi Varul, Magdolna Vicze, Levon Yepiskoposyan, Vladislav Zhitenev, Ludovic Orlando, Thomas Sicheritz-Ponten, Soren Brunak, Rasmus Nielsen, Kristian Kristiansen and Eske Willerslev Population genomics of Bronze Age Eurasia. <em>Nature.<\/em> 522(7555):167-172.<\/p>\n<p>Gyucha, Attila, Richard W. Yerkes, William A. Parkinson, Nikos Papadopoulos, Apostolos Sarris, <strong>Paul R. Duffy<\/strong>, and Roderick B. Salisbury, Settlement Nucleation in the Neolithic: A Preliminary Report of the K\u00f6r\u00f6s Regional Archaeological Project\u2019s Investigations at Szeghalom-Kov\u00e1cshalom and V\u00e9szt\u0151-M\u00e1gor. In: <em>Neolithic and Copper Age between the Carpathians and the Aegean Sea. Chronologies and Technologies from the 6th to the 4th Millennium BCE.<\/em> International Workshop Budapest 2012, edited by Svend Hansen, P\u00e1l Raczky, Alexandra Anders, and Agathe Reingruber. Arch\u00e4ologie in Eurasien 31. Verlag Dr. Rudolf Habelt, Bonn, pp. 129-142.<\/p>\n<p>2014<br \/>\n<strong>Duffy, Paul R.<\/strong> <em>Complexity and Autonomy in Bronze Age Europe: assessing cultural developments in Eastern Hungary<\/em>. Prehistoric Research in the K\u00f6r\u00f6s Region, Volume 1. Archaeolingua, Budapest.<\/p>\n<p><strong>Duffy, Paul R.<\/strong>, Gy\u00f6rgyi Parditka, Julia I. Giblin, L\u00e1szl\u00f3 Paja, and Roderick B. Salisbury. Discovering Mortuary Practices in the K\u00f6r\u00f6s River Basin, Hungary [Temetkez\u00e9si szok\u00e1sok kutat\u00e1sa a K\u00f6r\u00f6s-V\u00f6lgyben]. <em>Hungarian Archaeology E-Journal \/ Magyar R\u00e9g\u00e9szet Online Magazin<\/em>, Autumn. <a href=\"http:\/\/www.hungarianarchaeology.hu\/wp-content\/uploads\/2014\/11\/eng_duffy_14O.pdf\">http:\/\/www.hungarianarchaeology.hu\/wp-content\/uploads\/2014\/11\/eng_duffy_14O.pdf<\/a>.<\/p>\n<p>Ullah, Isaac I., <strong>Paul R. Duffy<\/strong>, and Edward B. Banning. &#8220;Modernizing spatial micro-refuse analysis: new methods for collecting, analyzing, and interpreting the spatial patterning of micro-refuse from house-floor contexts.&#8221;\u00a0<em>Journal of Archaeological Method and Theory<\/em>. 21:1-25.<\/p>\n<p>Papadopoulos, Nikos G., Apostolos Sarris, William A. Parkinson, Attila Gyucha, Richard W. Yerkes,\u00a0<strong>Paul R. Duffy\u00a0<\/strong>and Panagiotis Tsourlos. &#8220;Electrical Resistivity Tomography for the Modelling of Cultural Deposits and Geomorphological Landscapes at Neolithic Sites: a Case Study from Southeastern Hungary.&#8221; 21:169-183.<\/p>\n<p>Spence-Morrow, G., <strong>Paul. R. Duffy<\/strong> and Lauren Tosti. Virtually There: Offsite georectified photogrammetric processing as onsite strategic excavation resource, Proceedings of the Conference on Cultural Heritage and New Technologies, 2013, Vienna.\u00a0<a title=\"Spence-Morrow et al 2014\" href=\"http:\/\/www.chnt.at\/wp-content\/uploads\/Spence-Morrow_etal_2014.pdf\" target=\"_blank\" rel=\"noopener\">http:\/\/www.chnt.at\/wp-content\/uploads\/Spence-Morrow_etal_2014.pdf<\/a>.<\/p>\n<p>2013<br \/>\nGyucha, Attila, <strong>Paul R. Duffy<\/strong>, and William A. Parkinson. Prehistoric human-environmental interactions on the Great Hungarian Plain. <i>Anthropologie<\/i>.\u00a0LI\/2:157-168.<\/p>\n<p><strong>Duffy, Paul R.<\/strong>, William A. Parkinson, Attila Gyucha and R. W. Yerkes. &#8220;Coming Together, Falling Apart: A Multi-Scalar Approach to Prehistoric Aggregation and Interaction on the Great Hungarian Plain,&#8221;\u00a0p. 44-62. In <em>From Prehistoric Villages to Cities: Settlement Aggregation and Community Transformation<\/em>. Edited by J. Birch. Routledge, New York.<\/p>\n<p>Sarris, Apostolis, Nikos Papadopoulos, Athos Agapiou, Maria Cristina Salvi, Diofantos G. Hadjimitsis, William A. Parkinson, Richard W. Yerkes, Attila Gyucha and <strong>Paul R. Duffy<\/strong>.\u00a0\u201cFusion of geophysical surveys, ground hyperspectral measurements, aerial and satellite imagery for archaeological prospection of Neolithic sites: the case study of V\u00e9szt\u0151-M\u00e1gor Tell, Hungary.\u201d <i>Journal of Archaeological Science<\/i>\u00a040:1454-1470.<\/p>\n<p>2011<br \/>\nGyucha, Attila,\u00a0<strong>Paul R. Duffy<\/strong>\u00a0and Tod Frolking.\u00a0<strong>\u201c<\/strong>The K\u00f6r\u00f6s Basin from the Neolithic to the Hapsburgs: Linking Settlement Distributions with Pre-Regulation Hydrology Through Multiple Data Set Overlay.\u201d\u00a0<em>Geoarchaeology<\/em>\u00a026(3):293-419.<\/p>\n<p>2010<br \/>\n<strong>Duffy, Paul R.<\/strong>\u00a0<em>Complexity and Autonomy in Bronze Age Europe: Assessing Cultural Developments in the Eastern Hungary<\/em>. Ph.D. thesis, University of Michigan, Ann Arbor.<\/p>\n<p>2008<br \/>\n<strong>Duffy, Paul R<\/strong>. &#8220;A K\u00f6r\u00f6s vid\u00e9k bronzkori tell-t\u00e1rsadalmai.&#8221; [Bronze Age tell societies of the K\u00f6r\u00f6s region], p. 107-149. In\u00a0<em>K\u00f6r\u00f6s-menti \u00e9vezredek. R\u00e9g\u00e9szeti \u00f6kol\u00f3giai \u00e9s telep\u00fcl\u00e9st\u00f6rt\u00e9neti kutat\u00e1sok a K\u00f6r\u00f6s-vid\u00e9ken<\/em>. Edited by Em\u00edlia Martyin and Gergely B\u00f3ka. Gyulai katal\u00f3gusok, no. 13. Erkel Ferec M\u00fazeum, Gyula.<\/p>\n<p>Gyucha, Attila and\u00a0<strong>Paul R. Duffy<\/strong>.\u2018A K\u00f6r\u00f6s-vid\u00e9k holoc\u00e9n kori v\u00edzrajza.\u2019 [Holocene hydrology of the K\u00f6r\u00f6s area], p. 11-40. In\u00a0<em>K\u00f6r\u00f6s-menti \u00e9vezredek. R\u00e9g\u00e9szeti \u00f6kol\u00f3giai \u00e9s telep\u00fcl\u00e9st\u00f6rt\u00e9neti kutat\u00e1sok a K\u00f6r\u00f6s-vid\u00e9ken<\/em>. [Research on the Settlement Ecology and History of the K\u00f6r\u00f6s Region over the Millennia] Edited by Em\u00edlia Martyin and Gergely B\u00f3ka. Gyulai katal\u00f3gusok, no. 13. Erkel Ferec M\u00fazeum, Gyula.<\/p>\n<p>2007<br \/>\nParkinson, William A. and\u00a0<strong>Paul R. Duffy<\/strong>.\u00a0&#8220;Fortifications and Enclosures in European Prehistory: A Cross-Cultural\u00a0Perspective.&#8221;\u00a0<em>Journal of Archaeological Research<\/em>\u00a015(2):97-141.<\/p>\n","protected":false},"excerpt":{"rendered":"<p>Under review<br \/>\nDuffy, Paul R.\u00a0Social Change in the Lower K\u00f6r\u00f6s Basin during the Middle Bronze Age. Landscapes of Complexity in Bronze Age Central Europe. Edited by Timothy Earle, Vikt\u00f3ria Kiss, Gabriella Kulcs\u00e1r, and Vajk Szever\u00e9nyi. Oxbow Books.<br \/>\nDuffy, Paul R., L\u00e1szl\u00f3 Paja, Gy\u00f6rgyi Parditka and Julia I. Giblin Modeling mortuary populations using systematic field survey. Journal of [&#8230;]<\/p>\n","protected":false},"author":1,"featured_media":0,"parent":0,"menu_order":0,"comment_status":"closed","ping_status":"closed","template":"","meta":{"footnotes":""},"class_list":["post-20","page","type-page","status-publish","hentry"],"_links":{"self":[{"href":"https:\/\/paulrduffy.com\/index.php?rest_route=\/wp\/v2\/pages\/20","targetHints":{"allow":["GET"]}}],"collection":[{"href":"https:\/\/paulrduffy.com\/index.php?rest_route=\/wp\/v2\/pages"}],"about":[{"href":"https:\/\/paulrduffy.com\/index.php?rest_route=\/wp\/v2\/types\/page"}],"author":[{"embeddable":true,"href":"https:\/\/paulrduffy.com\/index.php?rest_route=\/wp\/v2\/users\/1"}],"replies":[{"embeddable":true,"href":"https:\/\/paulrduffy.com\/index.php?rest_route=%2Fwp%2Fv2%2Fcomments&post=20"}],"version-history":[{"count":26,"href":"https:\/\/paulrduffy.com\/index.php?rest_route=\/wp\/v2\/pages\/20\/revisions"}],"predecessor-version":[{"id":308,"href":"https:\/\/paulrduffy.com\/index.php?rest_route=\/wp\/v2\/pages\/20\/revisions\/308"}],"wp:attachment":[{"href":"https:\/\/paulrduffy.com\/index.php?rest_route=%2Fwp%2Fv2%2Fmedia&parent=20"}],"curies":[{"name":"wp","href":"https:\/\/api.w.org\/{rel}","templated":true}]}}