{"id":62,"date":"2012-11-20T19:46:14","date_gmt":"2012-11-20T19:46:14","guid":{"rendered":"http:\/\/s441854621.onlinehome.us\/?page_id=62"},"modified":"2013-02-21T04:25:01","modified_gmt":"2013-02-21T04:25:01","slug":"the-koros-regional-archaeology-project","status":"publish","type":"page","link":"https:\/\/paulrduffy.com\/?page_id=62","title":{"rendered":"The K\u00f6r\u00f6s Regional Archaeology Project"},"content":{"rendered":"<div id=\"attachment_63\" style=\"width: 160px\" class=\"wp-caption alignright\"><a href=\"http:\/\/s441854621.onlinehome.us\/wp-content\/uploads\/2012\/11\/korosreg1.jpg\"><img loading=\"lazy\" decoding=\"async\" aria-describedby=\"caption-attachment-63\" class=\"size-thumbnail wp-image-63\" title=\"korosreg1\" alt=\"\" src=\"http:\/\/s441854621.onlinehome.us\/wp-content\/uploads\/2012\/11\/korosreg1-150x150.jpg\" width=\"150\" height=\"150\" \/><\/a><p id=\"caption-attachment-63\" class=\"wp-caption-text\">Surface collection in ploughed fields outside Szeghalom-Kov\u00e1cshalom (Photo credit: W. Parkinson).<\/p><\/div>\n<p>Tell formation on the Great Hungarian Plain occurred first during the Neolithic and Copper Age, and second during the Bronze Age. Led by Bill Parkinson, Attila Gyucha, Richard Yerkes, and Apostolos Sarris, the\u00a0<a title=\"KRAP\" href=\"http:\/\/fieldmuseum.org\/explore\/krap\" target=\"_blank\"><strong><em>K\u00f6r\u00f6s Regional Archaeology Project<\/em><\/strong><\/a>\u00a0has been studying the tribal dynamics of Neolithic and Copper Age societies in the region since 1999. I have been participating in this phase of research as a\u00a0<strong>Field Director and Spatial Analyst since spring of 2010<\/strong>. The most recent phase of the investigation centers on a comparison of two tell sites contemporary during the Neolithic \u2013 Szeghalom-Kov\u00e1cshalom and V\u00e9szt\u0151-M\u00e1gor. Surface collection, magnetometer survey, excavation and sediment cores are being used to identify the local and regional determinants of population aggregation and tell formation. To see a fabulous VR reconstruction of the site put together by Arpi Zohrabyan Avetyan and others at the\u00a0Laboratory of Geophysical &#8211; Satellite Remote Sensing &amp;\u00a0Archaeo-environment Foundation for Research &amp; Technology, Hellas, click here:\u00a0<a href=\"http:\/\/photogrammetry.ims.forth.gr\/Animations.php?proj=Neolithic%20village%20reconstruction\" target=\"_blank\">http:\/\/photogrammetry.ims.<wbr \/>forth.gr\/Animations.php?proj=<wbr \/>Neolithic%20village%<wbr \/>20reconstruction<\/a>.<\/p>\n<p>&nbsp;<\/p>\n<p>Although the focus predates my Bronze Age research by over 3000 years, our current estimates suggest the hydrology of the region was fairly stable during the Holocene. The process of large village emergence and tell formation may have therefore been primarily due to social forces that occurred in both the Neolithic and the Bronze Age. At V\u00e9szt\u0151-M\u00e1gor, a tell with eight meters of deposit from the Neolithic to the Middle Bronze Age, we&#8217;ll have an opportunity to compare environmental conditions between these periods and study differences in animal husbandry strategies and trade over time. This collaboration between specialists working on the Neolithic, Copper Age and Bronze Age in the K\u00f6r\u00f6s region is an unprecedented opportunity to provide detailed accounts of social processes occurring, and potentially and re-occurring, over thousands of years.<\/p>\n<div id=\"attachment_108\" style=\"width: 640px\" class=\"wp-caption aligncenter\"><a href=\"http:\/\/s441854621.onlinehome.us\/wp-content\/uploads\/2012\/11\/KRAP2011_szk50.jpg\"><img loading=\"lazy\" decoding=\"async\" aria-describedby=\"caption-attachment-108\" class=\"size-large wp-image-108\" title=\"KRAP2011_szk50\" alt=\"\" src=\"http:\/\/s441854621.onlinehome.us\/wp-content\/uploads\/2012\/11\/KRAP2011_szk50-1024x568.jpg\" width=\"630\" height=\"349\" srcset=\"https:\/\/paulrduffy.com\/wp-content\/uploads\/2012\/11\/KRAP2011_szk50-1024x568.jpg 1024w, https:\/\/paulrduffy.com\/wp-content\/uploads\/2012\/11\/KRAP2011_szk50-300x166.jpg 300w, https:\/\/paulrduffy.com\/wp-content\/uploads\/2012\/11\/KRAP2011_szk50.jpg 1151w\" sizes=\"auto, (max-width: 630px) 100vw, 630px\" \/><\/a><p id=\"caption-attachment-108\" class=\"wp-caption-text\">3D view of ceramic density grid overlaying topography at Szeghalom-Kovacshalom. The densest values are on the tell, but Neolithic occupation is found all around the Neolithic mound on both sides of the prehistoric meander (Image credit: P. Duffy).<\/p><\/div>\n","protected":false},"excerpt":{"rendered":"<p>Tell formation on the Great Hungarian Plain occurred first during the Neolithic and Copper Age, and second during the Bronze Age. Led by Bill Parkinson, Attila Gyucha, Richard Yerkes, and Apostolos Sarris, the\u00a0K\u00f6r\u00f6s Regional Archaeology Project\u00a0has been studying the tribal dynamics of Neolithic and Copper Age societies in the region since 1999. I have been [&#8230;]<\/p>\n","protected":false},"author":1,"featured_media":0,"parent":17,"menu_order":0,"comment_status":"closed","ping_status":"closed","template":"","meta":{"footnotes":""},"class_list":["post-62","page","type-page","status-publish","hentry"],"_links":{"self":[{"href":"https:\/\/paulrduffy.com\/index.php?rest_route=\/wp\/v2\/pages\/62","targetHints":{"allow":["GET"]}}],"collection":[{"href":"https:\/\/paulrduffy.com\/index.php?rest_route=\/wp\/v2\/pages"}],"about":[{"href":"https:\/\/paulrduffy.com\/index.php?rest_route=\/wp\/v2\/types\/page"}],"author":[{"embeddable":true,"href":"https:\/\/paulrduffy.com\/index.php?rest_route=\/wp\/v2\/users\/1"}],"replies":[{"embeddable":true,"href":"https:\/\/paulrduffy.com\/index.php?rest_route=%2Fwp%2Fv2%2Fcomments&post=62"}],"version-history":[{"count":8,"href":"https:\/\/paulrduffy.com\/index.php?rest_route=\/wp\/v2\/pages\/62\/revisions"}],"predecessor-version":[{"id":107,"href":"https:\/\/paulrduffy.com\/index.php?rest_route=\/wp\/v2\/pages\/62\/revisions\/107"}],"up":[{"embeddable":true,"href":"https:\/\/paulrduffy.com\/index.php?rest_route=\/wp\/v2\/pages\/17"}],"wp:attachment":[{"href":"https:\/\/paulrduffy.com\/index.php?rest_route=%2Fwp%2Fv2%2Fmedia&parent=62"}],"curies":[{"name":"wp","href":"https:\/\/api.w.org\/{rel}","templated":true}]}}