{"id":93,"date":"2012-12-03T19:15:56","date_gmt":"2012-12-03T19:15:56","guid":{"rendered":"http:\/\/s441854621.onlinehome.us\/?page_id=93"},"modified":"2013-01-05T14:36:24","modified_gmt":"2013-01-05T14:36:24","slug":"controlled-comparison-networks-and-social-inequality-in-bronze-age-hungary","status":"publish","type":"page","link":"https:\/\/paulrduffy.com\/?page_id=93","title":{"rendered":"Networks and social inequality in the Carpathian Basin"},"content":{"rendered":"<p>During my 2010-2011 tenure as Visiting Scholar at the University of Pittsburgh, I began comparing the developmental trajectories of three areas of the Carpathian Basin during the Bronze Age.\u00a0The first region under study, the lower K\u00f6r\u00f6s basin, was synthesized recently in my dissertation. The other two regions, the cultures of the Hern\u00e1d valley and the Maros river, are already well known. The fortified sites of the Hern\u00e1d valley and their associated cemeteries reveal a populous regional hierarchy where craft production was controlled by the elite and the autonomy of smaller villages may have been lost. The settlements on the Maros, however, are generally much smaller. There is minimal evidence for hierarchy in the cemeteries, although the burial of children with wealth does suggest hereditary inequality.\u00a0\u00a0Recent fieldwork at Pecica, an important Bronze Age fort upriver, indicate it was functionally more complex than other Maros sites, and possibly controlled the trade route across them.<\/p>\n<div id=\"attachment_94\" style=\"width: 640px\" class=\"wp-caption alignleft\"><a href=\"http:\/\/s441854621.onlinehome.us\/wp-content\/uploads\/2012\/12\/Koros_20kmArc.jpg\"><img loading=\"lazy\" decoding=\"async\" aria-describedby=\"caption-attachment-94\" class=\"size-large wp-image-94\" title=\"Koros_20kmArc\" src=\"http:\/\/s441854621.onlinehome.us\/wp-content\/uploads\/2012\/12\/Koros_20kmArc-1024x625.jpg\" alt=\"\" width=\"630\" height=\"384\" srcset=\"https:\/\/paulrduffy.com\/wp-content\/uploads\/2012\/12\/Koros_20kmArc-1024x625.jpg 1024w, https:\/\/paulrduffy.com\/wp-content\/uploads\/2012\/12\/Koros_20kmArc-300x183.jpg 300w, https:\/\/paulrduffy.com\/wp-content\/uploads\/2012\/12\/Koros_20kmArc.jpg 1538w\" sizes=\"auto, (max-width: 630px) 100vw, 630px\" \/><\/a><p id=\"caption-attachment-94\" class=\"wp-caption-text\">This simple network, created using Netdraw, represents space only indirectly. The nodes (Middle Bronze Age settlements in the lower K\u00f6r\u00f6s basin) are only linked to other nodes that fall within 20 km as the crow flies. (Image credit: Paul Duffy).<\/p><\/div>\n<p>My project involves integrating differences in landscape into networked site distribution models for these three regions. In these Hungarian settlement systems, both size and connectivity to the network may have had an impact on access to ores and other resources not locally obtainable. I\u2019m currently investigating the effects of size and network differences in the flow of ore from the mountains. I am also exploring network models including travel costs from waterways and marshland, and manipulating the parameters of each network to explore the different effects. Investigating these factors will help us to explain how changes in trade and differentially impacted the development of social inequalities across the region.<\/p>\n<div><\/div>\n","protected":false},"excerpt":{"rendered":"<p>During my 2010-2011 tenure as Visiting Scholar at the University of Pittsburgh, I began comparing the developmental trajectories of three areas of the Carpathian Basin during the Bronze Age.\u00a0The first region under study, the lower K\u00f6r\u00f6s basin, was synthesized recently in my dissertation. The other two regions, the cultures of the Hern\u00e1d valley and the [&#8230;]<\/p>\n","protected":false},"author":1,"featured_media":0,"parent":17,"menu_order":0,"comment_status":"closed","ping_status":"closed","template":"","meta":{"footnotes":""},"class_list":["post-93","page","type-page","status-publish","hentry"],"_links":{"self":[{"href":"https:\/\/paulrduffy.com\/index.php?rest_route=\/wp\/v2\/pages\/93","targetHints":{"allow":["GET"]}}],"collection":[{"href":"https:\/\/paulrduffy.com\/index.php?rest_route=\/wp\/v2\/pages"}],"about":[{"href":"https:\/\/paulrduffy.com\/index.php?rest_route=\/wp\/v2\/types\/page"}],"author":[{"embeddable":true,"href":"https:\/\/paulrduffy.com\/index.php?rest_route=\/wp\/v2\/users\/1"}],"replies":[{"embeddable":true,"href":"https:\/\/paulrduffy.com\/index.php?rest_route=%2Fwp%2Fv2%2Fcomments&post=93"}],"version-history":[{"count":5,"href":"https:\/\/paulrduffy.com\/index.php?rest_route=\/wp\/v2\/pages\/93\/revisions"}],"predecessor-version":[{"id":124,"href":"https:\/\/paulrduffy.com\/index.php?rest_route=\/wp\/v2\/pages\/93\/revisions\/124"}],"up":[{"embeddable":true,"href":"https:\/\/paulrduffy.com\/index.php?rest_route=\/wp\/v2\/pages\/17"}],"wp:attachment":[{"href":"https:\/\/paulrduffy.com\/index.php?rest_route=%2Fwp%2Fv2%2Fmedia&parent=93"}],"curies":[{"name":"wp","href":"https:\/\/api.w.org\/{rel}","templated":true}]}}